{"id":74,"date":"2021-05-19T16:32:00","date_gmt":"2021-05-19T16:32:00","guid":{"rendered":"https:\/\/topcontrol.ee\/?page_id=74"},"modified":"2024-04-19T07:25:30","modified_gmt":"2024-04-19T07:25:30","slug":"rehvid","status":"publish","type":"page","link":"https:\/\/topcontrol.ee\/en\/rehvid\/","title":{"rendered":"Tyres"},"content":{"rendered":"<div data-elementor-type=\"wp-page\" data-elementor-id=\"74\" class=\"elementor elementor-74\">\n\t\t\t\t\t\t\t\t\t<section class=\"elementor-section elementor-top-section elementor-element elementor-element-710dffec elementor-section-content-middle elementor-section-boxed elementor-section-height-default elementor-section-height-default\" data-id=\"710dffec\" data-element_type=\"section\" data-settings=\"{&quot;background_background&quot;:&quot;classic&quot;}\">\n\t\t\t\t\t\t<div class=\"elementor-container elementor-column-gap-no\">\n\t\t\t\t\t<div class=\"elementor-column elementor-col-100 elementor-top-column elementor-element elementor-element-6206405e\" data-id=\"6206405e\" data-element_type=\"column\">\n\t\t\t<div class=\"elementor-widget-wrap elementor-element-populated\">\n\t\t\t\t\t\t\t\t<div class=\"elementor-element elementor-element-1c7da42f elementor-invisible elementor-widget elementor-widget-heading\" data-id=\"1c7da42f\" data-element_type=\"widget\" data-settings=\"{&quot;_animation&quot;:&quot;fadeIn&quot;}\" data-widget_type=\"heading.default\">\n\t\t\t\t<div class=\"elementor-widget-container\">\n\t\t\t<h4 class=\"elementor-heading-title elementor-size-default\">Manufacturers we represent:<\/h4>\t\t<\/div>\n\t\t\t\t<\/div>\n\t\t\t\t<div class=\"elementor-element elementor-element-4efc5fda elementor-invisible elementor-widget elementor-widget-heading\" data-id=\"4efc5fda\" data-element_type=\"widget\" data-settings=\"{&quot;_animation&quot;:&quot;fadeIn&quot;}\" data-widget_type=\"heading.default\">\n\t\t\t\t<div class=\"elementor-widget-container\">\n\t\t\t<h5 class=\"elementor-heading-title elementor-size-default\">For You to get to the right tire profile, please click on the desirable logo:<\/h5>\t\t<\/div>\n\t\t\t\t<\/div>\n\t\t\t\t\t<\/div>\n\t\t<\/div>\n\t\t\t\t\t\t\t<\/div>\n\t\t<\/section>\n\t\t\t\t<section class=\"elementor-section elementor-top-section elementor-element elementor-element-3250c394 elementor-section-boxed elementor-section-height-default elementor-section-height-default\" data-id=\"3250c394\" data-element_type=\"section\" data-settings=\"{&quot;background_background&quot;:&quot;classic&quot;}\">\n\t\t\t\t\t\t<div class=\"elementor-container elementor-column-gap-default\">\n\t\t\t\t\t<div class=\"elementor-column elementor-col-33 elementor-top-column elementor-element elementor-element-4db59cfd\" data-id=\"4db59cfd\" data-element_type=\"column\">\n\t\t\t<div class=\"elementor-widget-wrap elementor-element-populated\">\n\t\t\t\t\t\t\t\t<div class=\"elementor-element elementor-element-4aeace4e elementor-invisible elementor-widget elementor-widget-image\" data-id=\"4aeace4e\" data-element_type=\"widget\" data-settings=\"{&quot;_animation&quot;:&quot;slideInLeft&quot;,&quot;_animation_delay&quot;:200}\" data-widget_type=\"image.default\">\n\t\t\t\t<div class=\"elementor-widget-container\">\n\t\t\t\t\t\t\t\t\t\t\t\t\t\t\t\t<a href=\"https:\/\/topcontrol.ee\/en\/avon\/\">\n\t\t\t\t\t\t\t<img loading=\"lazy\" decoding=\"async\" width=\"750\" height=\"300\" src=\"https:\/\/topcontrol.ee\/wp-content\/uploads\/2021\/06\/New-Avon-Motorsport-logo.png\" class=\"attachment-large size-large wp-image-411\" alt=\"\" srcset=\"https:\/\/topcontrol.ee\/wp-content\/uploads\/2021\/06\/New-Avon-Motorsport-logo.png 750w, https:\/\/topcontrol.ee\/wp-content\/uploads\/2021\/06\/New-Avon-Motorsport-logo-300x120.png 300w, https:\/\/topcontrol.ee\/wp-content\/uploads\/2021\/06\/New-Avon-Motorsport-logo-16x6.png 16w\" sizes=\"auto, (max-width: 750px) 100vw, 750px\" \/>\t\t\t\t\t\t\t\t<\/a>\n\t\t\t\t\t\t\t\t\t\t\t\t\t\t\t<\/div>\n\t\t\t\t<\/div>\n\t\t\t\t\t<\/div>\n\t\t<\/div>\n\t\t\t\t<div class=\"elementor-column elementor-col-33 elementor-top-column elementor-element elementor-element-6127ac5\" data-id=\"6127ac5\" data-element_type=\"column\">\n\t\t\t<div class=\"elementor-widget-wrap elementor-element-populated\">\n\t\t\t\t\t\t\t\t<div class=\"elementor-element elementor-element-03b083c elementor-widget__width-inherit e-transform e-transform elementor-widget elementor-widget-image\" data-id=\"03b083c\" data-element_type=\"widget\" data-settings=\"{&quot;_transform_translateX_effect&quot;:{&quot;unit&quot;:&quot;px&quot;,&quot;size&quot;:0,&quot;sizes&quot;:[]},&quot;_transform_translateY_effect&quot;:{&quot;unit&quot;:&quot;px&quot;,&quot;size&quot;:23,&quot;sizes&quot;:[]},&quot;_transform_scale_effect&quot;:{&quot;unit&quot;:&quot;px&quot;,&quot;size&quot;:0.6,&quot;sizes&quot;:[]},&quot;_transform_translateX_effect_tablet&quot;:{&quot;unit&quot;:&quot;px&quot;,&quot;size&quot;:&quot;&quot;,&quot;sizes&quot;:[]},&quot;_transform_translateX_effect_mobile&quot;:{&quot;unit&quot;:&quot;px&quot;,&quot;size&quot;:&quot;&quot;,&quot;sizes&quot;:[]},&quot;_transform_translateY_effect_tablet&quot;:{&quot;unit&quot;:&quot;px&quot;,&quot;size&quot;:&quot;&quot;,&quot;sizes&quot;:[]},&quot;_transform_translateY_effect_mobile&quot;:{&quot;unit&quot;:&quot;px&quot;,&quot;size&quot;:&quot;&quot;,&quot;sizes&quot;:[]},&quot;_transform_scale_effect_tablet&quot;:{&quot;unit&quot;:&quot;px&quot;,&quot;size&quot;:&quot;&quot;,&quot;sizes&quot;:[]},&quot;_transform_scale_effect_mobile&quot;:{&quot;unit&quot;:&quot;px&quot;,&quot;size&quot;:&quot;&quot;,&quot;sizes&quot;:[]}}\" data-widget_type=\"image.default\">\n\t\t\t\t<div class=\"elementor-widget-container\">\n\t\t\t\t\t\t\t\t\t\t\t\t\t\t\t\t<a href=\"https:\/\/topcontrol.ee\/en\/sample-page\/\">\n\t\t\t\t\t\t\t<img loading=\"lazy\" decoding=\"async\" width=\"300\" height=\"101\" src=\"https:\/\/topcontrol.ee\/wp-content\/uploads\/2024\/04\/malatesta-300x101.jpg\" class=\"attachment-medium size-medium wp-image-1019\" alt=\"\" srcset=\"https:\/\/topcontrol.ee\/wp-content\/uploads\/2024\/04\/malatesta-300x101.jpg 300w, https:\/\/topcontrol.ee\/wp-content\/uploads\/2024\/04\/malatesta-1024x343.jpg 1024w, https:\/\/topcontrol.ee\/wp-content\/uploads\/2024\/04\/malatesta-768x257.jpg 768w, https:\/\/topcontrol.ee\/wp-content\/uploads\/2024\/04\/malatesta-18x6.jpg 18w, https:\/\/topcontrol.ee\/wp-content\/uploads\/2024\/04\/malatesta.jpg 1462w\" sizes=\"auto, (max-width: 300px) 100vw, 300px\" \/>\t\t\t\t\t\t\t\t<\/a>\n\t\t\t\t\t\t\t\t\t\t\t\t\t\t\t<\/div>\n\t\t\t\t<\/div>\n\t\t\t\t\t<\/div>\n\t\t<\/div>\n\t\t\t\t<div class=\"elementor-column elementor-col-33 elementor-top-column elementor-element elementor-element-3f10ab56\" data-id=\"3f10ab56\" data-element_type=\"column\">\n\t\t\t<div class=\"elementor-widget-wrap elementor-element-populated\">\n\t\t\t\t\t\t\t\t<div class=\"elementor-element elementor-element-3a8a0b6c elementor-invisible elementor-widget elementor-widget-image\" data-id=\"3a8a0b6c\" data-element_type=\"widget\" data-settings=\"{&quot;_animation&quot;:&quot;slideInRight&quot;,&quot;_animation_delay&quot;:200}\" data-widget_type=\"image.default\">\n\t\t\t\t<div class=\"elementor-widget-container\">\n\t\t\t\t\t\t\t\t\t\t\t\t\t\t\t\t<a href=\"https:\/\/topcontrol.ee\/en\/cooper\/\">\n\t\t\t\t\t\t\t<img loading=\"lazy\" decoding=\"async\" width=\"900\" height=\"500\" src=\"https:\/\/topcontrol.ee\/wp-content\/uploads\/2021\/06\/cooper-tire-rubber-company-vector-logo.png\" class=\"attachment-large size-large wp-image-412\" alt=\"\" srcset=\"https:\/\/topcontrol.ee\/wp-content\/uploads\/2021\/06\/cooper-tire-rubber-company-vector-logo.png 900w, https:\/\/topcontrol.ee\/wp-content\/uploads\/2021\/06\/cooper-tire-rubber-company-vector-logo-300x167.png 300w, https:\/\/topcontrol.ee\/wp-content\/uploads\/2021\/06\/cooper-tire-rubber-company-vector-logo-768x427.png 768w, https:\/\/topcontrol.ee\/wp-content\/uploads\/2021\/06\/cooper-tire-rubber-company-vector-logo-16x9.png 16w\" sizes=\"auto, (max-width: 900px) 100vw, 900px\" \/>\t\t\t\t\t\t\t\t<\/a>\n\t\t\t\t\t\t\t\t\t\t\t\t\t\t\t<\/div>\n\t\t\t\t<\/div>\n\t\t\t\t\t<\/div>\n\t\t<\/div>\n\t\t\t\t\t\t\t<\/div>\n\t\t<\/section>\n\t\t\t\t<section class=\"elementor-section elementor-top-section elementor-element elementor-element-2f719746 elementor-section-content-middle elementor-section-boxed elementor-section-height-default elementor-section-height-default\" data-id=\"2f719746\" data-element_type=\"section\" data-settings=\"{&quot;background_background&quot;:&quot;classic&quot;}\">\n\t\t\t\t\t\t<div class=\"elementor-container elementor-column-gap-no\">\n\t\t\t\t\t<div class=\"elementor-column elementor-col-100 elementor-top-column elementor-element elementor-element-6e564e31\" data-id=\"6e564e31\" data-element_type=\"column\">\n\t\t\t<div class=\"elementor-widget-wrap elementor-element-populated\">\n\t\t\t\t\t\t\t\t<div class=\"elementor-element elementor-element-733a7437 elementor-widget elementor-widget-heading\" data-id=\"733a7437\" data-element_type=\"widget\" data-widget_type=\"heading.default\">\n\t\t\t\t<div class=\"elementor-widget-container\">\n\t\t\t<h5 class=\"elementor-heading-title elementor-size-default\">CONTACT<\/h5>\t\t<\/div>\n\t\t\t\t<\/div>\n\t\t\t\t<div class=\"elementor-element elementor-element-225d72a9 elementor-widget elementor-widget-heading\" data-id=\"225d72a9\" data-element_type=\"widget\" data-widget_type=\"heading.default\">\n\t\t\t\t<div class=\"elementor-widget-container\">\n\t\t\t<h4 class=\"elementor-heading-title elementor-size-default\">Feel free to contact us<\/h4>\t\t<\/div>\n\t\t\t\t<\/div>\n\t\t\t\t<div class=\"elementor-element elementor-element-30739a0d elementor-widget elementor-widget-heading\" data-id=\"30739a0d\" data-element_type=\"widget\" data-widget_type=\"heading.default\">\n\t\t\t\t<div class=\"elementor-widget-container\">\n\t\t\t<h4 class=\"elementor-heading-title elementor-size-default\">info@topik.ee<\/h4>\t\t<\/div>\n\t\t\t\t<\/div>\n\t\t\t\t<div class=\"elementor-element elementor-element-11e480ef elementor-widget elementor-widget-heading\" data-id=\"11e480ef\" data-element_type=\"widget\" data-widget_type=\"heading.default\">\n\t\t\t\t<div class=\"elementor-widget-container\">\n\t\t\t<h4 class=\"elementor-heading-title elementor-size-default\">TopControl O\u00dc\n<\/h4>\t\t<\/div>\n\t\t\t\t<\/div>\n\t\t\t\t<div class=\"elementor-element elementor-element-3228ba1a elementor-widget elementor-widget-heading\" data-id=\"3228ba1a\" data-element_type=\"widget\" data-widget_type=\"heading.default\">\n\t\t\t\t<div class=\"elementor-widget-container\">\n\t\t\t<h4 class=\"elementor-heading-title elementor-size-default\">Sipelga 2, Tabasalu <\/h4>\t\t<\/div>\n\t\t\t\t<\/div>\n\t\t\t\t\t<\/div>\n\t\t<\/div>\n\t\t\t\t\t\t\t<\/div>\n\t\t<\/section>\n\t\t\t\t<section class=\"elementor-section elementor-top-section elementor-element elementor-element-9fed084 elementor-section-boxed elementor-section-height-default elementor-section-height-default\" data-id=\"9fed084\" data-element_type=\"section\">\n\t\t\t\t\t\t<div class=\"elementor-container elementor-column-gap-default\">\n\t\t\t\t\t<div class=\"elementor-column elementor-col-100 elementor-top-column elementor-element elementor-element-df4df93\" data-id=\"df4df93\" data-element_type=\"column\">\n\t\t\t<div class=\"elementor-widget-wrap elementor-element-populated\">\n\t\t\t\t\t\t\t\t<div class=\"elementor-element elementor-element-84eaefb elementor-widget elementor-widget-button\" data-id=\"84eaefb\" data-element_type=\"widget\" data-widget_type=\"button.default\">\n\t\t\t\t<div class=\"elementor-widget-container\">\n\t\t\t\t\t<div class=\"elementor-button-wrapper\">\n\t\t\t<a class=\"elementor-button elementor-button-link elementor-size-sm\" href=\"#\">\n\t\t\t\t\t\t<span class=\"elementor-button-content-wrapper\">\n\t\t\t\t\t\t<span class=\"elementor-button-text\">Click here<\/span>\n\t\t<\/span>\n\t\t\t\t\t<\/a>\n\t\t<\/div>\n\t\t\t\t<\/div>\n\t\t\t\t<\/div>\n\t\t\t\t\t<\/div>\n\t\t<\/div>\n\t\t\t\t\t\t\t<\/div>\n\t\t<\/section>\n\t\t\t\t\t\t\t<\/div>","protected":false},"excerpt":{"rendered":"<p>Meie pakutavad rehvitootjad Selleks, et j\u00f5uaksid \u00f5ige hinnakirja juurde, palun kliki logol, millisele v\u00f5istlusliigile rehve soovite KONTAKT V\u00f5tke meiega julgelt \u00fchendust info@topik.ee TopControl O\u00dc Sipelga 2, Tabasalu Click here<\/p>","protected":false},"author":1,"featured_media":0,"parent":0,"menu_order":0,"comment_status":"closed","ping_status":"closed","template":"elementor_header_footer","meta":{"footnotes":""},"class_list":["post-74","page","type-page","status-publish","hentry","entry"],"yoast_head":"<!-- This site is optimized with the Yoast SEO plugin v21.4 - https:\/\/yoast.com\/wordpress\/plugins\/seo\/ -->\n<title>Rehvid - TopControl<\/title>\n<meta name=\"robots\" content=\"index, follow, max-snippet:-1, max-image-preview:large, max-video-preview:-1\" \/>\n<link rel=\"canonical\" href=\"https:\/\/topcontrol.ee\/en\/rehvid\/\" \/>\n<meta property=\"og:locale\" content=\"en_US\" \/>\n<meta property=\"og:type\" content=\"article\" \/>\n<meta property=\"og:title\" content=\"Rehvid - TopControl\" \/>\n<meta property=\"og:description\" content=\"Meie pakutavad rehvitootjad Selleks, et j\u00f5uaksid \u00f5ige hinnakirja juurde, palun kliki logol, millisele v\u00f5istlusliigile rehve soovite KONTAKT V\u00f5tke meiega julgelt \u00fchendust info@topik.ee TopControl O\u00dc Sipelga 2, Tabasalu Click here\" \/>\n<meta property=\"og:url\" content=\"https:\/\/topcontrol.ee\/en\/rehvid\/\" \/>\n<meta property=\"og:site_name\" content=\"TopControl\" \/>\n<meta property=\"article:modified_time\" content=\"2024-04-19T07:25:30+00:00\" \/>\n<meta property=\"og:image\" content=\"https:\/\/topcontrol.ee\/wp-content\/uploads\/2021\/06\/New-Avon-Motorsport-logo.png\" \/>\n<meta name=\"twitter:card\" content=\"summary_large_image\" \/>\n<meta name=\"twitter:label1\" content=\"Est. reading time\" \/>\n\t<meta name=\"twitter:data1\" content=\"1 minute\" \/>\n<script type=\"application\/ld+json\" class=\"yoast-schema-graph\">{\"@context\":\"https:\/\/schema.org\",\"@graph\":[{\"@type\":\"WebPage\",\"@id\":\"https:\/\/topcontrol.ee\/rehvid\/\",\"url\":\"https:\/\/topcontrol.ee\/rehvid\/\",\"name\":\"Rehvid - TopControl\",\"isPartOf\":{\"@id\":\"https:\/\/topcontrol.ee\/#website\"},\"datePublished\":\"2021-05-19T16:32:00+00:00\",\"dateModified\":\"2024-04-19T07:25:30+00:00\",\"breadcrumb\":{\"@id\":\"https:\/\/topcontrol.ee\/rehvid\/#breadcrumb\"},\"inLanguage\":\"en-US\",\"potentialAction\":[{\"@type\":\"ReadAction\",\"target\":[\"https:\/\/topcontrol.ee\/rehvid\/\"]}]},{\"@type\":\"BreadcrumbList\",\"@id\":\"https:\/\/topcontrol.ee\/rehvid\/#breadcrumb\",\"itemListElement\":[{\"@type\":\"ListItem\",\"position\":1,\"name\":\"Home\",\"item\":\"https:\/\/topcontrol.ee\/\"},{\"@type\":\"ListItem\",\"position\":2,\"name\":\"Rehvid\"}]},{\"@type\":\"WebSite\",\"@id\":\"https:\/\/topcontrol.ee\/#website\",\"url\":\"https:\/\/topcontrol.ee\/\",\"name\":\"TopControl\",\"description\":\"Nova Motorsport ametlik edasim&uuml;&uuml;ja Eestis. Tuntud headuses Avon Motorsport rehvid erinevatesse oludesse.\",\"publisher\":{\"@id\":\"https:\/\/topcontrol.ee\/#organization\"},\"potentialAction\":[{\"@type\":\"SearchAction\",\"target\":{\"@type\":\"EntryPoint\",\"urlTemplate\":\"https:\/\/topcontrol.ee\/?s={search_term_string}\"},\"query-input\":\"required name=search_term_string\"}],\"inLanguage\":\"en-US\"},{\"@type\":\"Organization\",\"@id\":\"https:\/\/topcontrol.ee\/#organization\",\"name\":\"TopControl\",\"url\":\"https:\/\/topcontrol.ee\/\",\"logo\":{\"@type\":\"ImageObject\",\"inLanguage\":\"en-US\",\"@id\":\"https:\/\/topcontrol.ee\/#\/schema\/logo\/image\/\",\"url\":\"https:\/\/topcontrol.ee\/wp-content\/uploads\/2021\/05\/TC_LOGO_A1_w.png\",\"contentUrl\":\"https:\/\/topcontrol.ee\/wp-content\/uploads\/2021\/05\/TC_LOGO_A1_w.png\",\"width\":956,\"height\":176,\"caption\":\"TopControl\"},\"image\":{\"@id\":\"https:\/\/topcontrol.ee\/#\/schema\/logo\/image\/\"}}]}<\/script>\n<!-- \/ Yoast SEO plugin. -->","yoast_head_json":{"title":"Rehvid - TopControl","robots":{"index":"index","follow":"follow","max-snippet":"max-snippet:-1","max-image-preview":"max-image-preview:large","max-video-preview":"max-video-preview:-1"},"canonical":"https:\/\/topcontrol.ee\/en\/rehvid\/","og_locale":"en_US","og_type":"article","og_title":"Rehvid - TopControl","og_description":"Meie pakutavad rehvitootjad Selleks, et j\u00f5uaksid \u00f5ige hinnakirja juurde, palun kliki logol, millisele v\u00f5istlusliigile rehve soovite KONTAKT V\u00f5tke meiega julgelt \u00fchendust info@topik.ee TopControl O\u00dc Sipelga 2, Tabasalu Click here","og_url":"https:\/\/topcontrol.ee\/en\/rehvid\/","og_site_name":"TopControl","article_modified_time":"2024-04-19T07:25:30+00:00","og_image":[{"url":"https:\/\/topcontrol.ee\/wp-content\/uploads\/2021\/06\/New-Avon-Motorsport-logo.png"}],"twitter_card":"summary_large_image","twitter_misc":{"Est. reading time":"1 minute"},"schema":{"@context":"https:\/\/schema.org","@graph":[{"@type":"WebPage","@id":"https:\/\/topcontrol.ee\/rehvid\/","url":"https:\/\/topcontrol.ee\/rehvid\/","name":"Rehvid - TopControl","isPartOf":{"@id":"https:\/\/topcontrol.ee\/#website"},"datePublished":"2021-05-19T16:32:00+00:00","dateModified":"2024-04-19T07:25:30+00:00","breadcrumb":{"@id":"https:\/\/topcontrol.ee\/rehvid\/#breadcrumb"},"inLanguage":"en-US","potentialAction":[{"@type":"ReadAction","target":["https:\/\/topcontrol.ee\/rehvid\/"]}]},{"@type":"BreadcrumbList","@id":"https:\/\/topcontrol.ee\/rehvid\/#breadcrumb","itemListElement":[{"@type":"ListItem","position":1,"name":"Home","item":"https:\/\/topcontrol.ee\/"},{"@type":"ListItem","position":2,"name":"Rehvid"}]},{"@type":"WebSite","@id":"https:\/\/topcontrol.ee\/#website","url":"https:\/\/topcontrol.ee\/","name":"TopControl","description":"Nova Motorsport ametlik edasim&uuml;&uuml;ja Eestis. Tuntud headuses Avon Motorsport rehvid erinevatesse oludesse.","publisher":{"@id":"https:\/\/topcontrol.ee\/#organization"},"potentialAction":[{"@type":"SearchAction","target":{"@type":"EntryPoint","urlTemplate":"https:\/\/topcontrol.ee\/?s={search_term_string}"},"query-input":"required name=search_term_string"}],"inLanguage":"en-US"},{"@type":"Organization","@id":"https:\/\/topcontrol.ee\/#organization","name":"TopControl","url":"https:\/\/topcontrol.ee\/","logo":{"@type":"ImageObject","inLanguage":"en-US","@id":"https:\/\/topcontrol.ee\/#\/schema\/logo\/image\/","url":"https:\/\/topcontrol.ee\/wp-content\/uploads\/2021\/05\/TC_LOGO_A1_w.png","contentUrl":"https:\/\/topcontrol.ee\/wp-content\/uploads\/2021\/05\/TC_LOGO_A1_w.png","width":956,"height":176,"caption":"TopControl"},"image":{"@id":"https:\/\/topcontrol.ee\/#\/schema\/logo\/image\/"}}]}},"_links":{"self":[{"href":"https:\/\/topcontrol.ee\/en\/wp-json\/wp\/v2\/pages\/74","targetHints":{"allow":["GET"]}}],"collection":[{"href":"https:\/\/topcontrol.ee\/en\/wp-json\/wp\/v2\/pages"}],"about":[{"href":"https:\/\/topcontrol.ee\/en\/wp-json\/wp\/v2\/types\/page"}],"author":[{"embeddable":true,"href":"https:\/\/topcontrol.ee\/en\/wp-json\/wp\/v2\/users\/1"}],"replies":[{"embeddable":true,"href":"https:\/\/topcontrol.ee\/en\/wp-json\/wp\/v2\/comments?post=74"}],"version-history":[{"count":25,"href":"https:\/\/topcontrol.ee\/en\/wp-json\/wp\/v2\/pages\/74\/revisions"}],"predecessor-version":[{"id":1037,"href":"https:\/\/topcontrol.ee\/en\/wp-json\/wp\/v2\/pages\/74\/revisions\/1037"}],"wp:attachment":[{"href":"https:\/\/topcontrol.ee\/en\/wp-json\/wp\/v2\/media?parent=74"}],"curies":[{"name":"wp","href":"https:\/\/api.w.org\/{rel}","templated":true}]}}