{"id":19,"date":"2021-05-15T11:26:29","date_gmt":"2021-05-15T11:26:29","guid":{"rendered":"https:\/\/topcontrol.ee\/?page_id=19"},"modified":"2021-06-16T19:29:03","modified_gmt":"2021-06-16T19:29:03","slug":"nouanded","status":"publish","type":"page","link":"https:\/\/topcontrol.ee\/en\/nouanded\/","title":{"rendered":"Advice"},"content":{"rendered":"<div data-elementor-type=\"wp-page\" data-elementor-id=\"19\" class=\"elementor elementor-19\">\n\t\t\t\t\t\t\t\t\t<section class=\"elementor-section elementor-top-section elementor-element elementor-element-302aad0 elementor-section-full_width elementor-section-height-default elementor-section-height-default\" data-id=\"302aad0\" data-element_type=\"section\" data-settings=\"{&quot;background_background&quot;:&quot;classic&quot;}\">\n\t\t\t\t\t\t<div class=\"elementor-container elementor-column-gap-extended\">\n\t\t\t\t\t<div class=\"elementor-column elementor-col-100 elementor-top-column elementor-element elementor-element-36ad6892\" data-id=\"36ad6892\" data-element_type=\"column\">\n\t\t\t<div class=\"elementor-widget-wrap elementor-element-populated\">\n\t\t\t\t\t\t\t\t<div class=\"elementor-element elementor-element-6f676885 elementor-widget elementor-widget-spacer\" data-id=\"6f676885\" data-element_type=\"widget\" data-widget_type=\"spacer.default\">\n\t\t\t\t<div class=\"elementor-widget-container\">\n\t\t\t\t\t<div class=\"elementor-spacer\">\n\t\t\t<div class=\"elementor-spacer-inner\"><\/div>\n\t\t<\/div>\n\t\t\t\t<\/div>\n\t\t\t\t<\/div>\n\t\t\t\t\t<\/div>\n\t\t<\/div>\n\t\t\t\t\t\t\t<\/div>\n\t\t<\/section>\n\t\t\t\t<section class=\"elementor-section elementor-top-section elementor-element elementor-element-bb22f49 elementor-section-content-middle elementor-section-boxed elementor-section-height-default elementor-section-height-default\" data-id=\"bb22f49\" data-element_type=\"section\" data-settings=\"{&quot;background_background&quot;:&quot;classic&quot;}\">\n\t\t\t\t\t\t<div class=\"elementor-container elementor-column-gap-no\">\n\t\t\t\t\t<div class=\"elementor-column elementor-col-100 elementor-top-column elementor-element elementor-element-fac0b63\" data-id=\"fac0b63\" data-element_type=\"column\">\n\t\t\t<div class=\"elementor-widget-wrap elementor-element-populated\">\n\t\t\t\t\t\t\t\t<div class=\"elementor-element elementor-element-57de0c4 elementor-widget elementor-widget-heading\" data-id=\"57de0c4\" data-element_type=\"widget\" data-widget_type=\"heading.default\">\n\t\t\t\t<div class=\"elementor-widget-container\">\n\t\t\t<h3 class=\"elementor-heading-title elementor-size-default\">Advice<\/h3>\t\t<\/div>\n\t\t\t\t<\/div>\n\t\t\t\t<div class=\"elementor-element elementor-element-de6dbf7 elementor-widget elementor-widget-text-editor\" data-id=\"de6dbf7\" data-element_type=\"widget\" data-widget_type=\"text-editor.default\">\n\t\t\t\t<div class=\"elementor-widget-container\">\n\t\t\t\t\t\t\t<p>Different competitors are able to use the proper tire differently. The durability and maintenance of tires depend mainly on two things - entry and storage.\u00a0<\/p>\t\t\t\t\t\t<\/div>\n\t\t\t\t<\/div>\n\t\t\t\t\t<\/div>\n\t\t<\/div>\n\t\t\t\t\t\t\t<\/div>\n\t\t<\/section>\n\t\t\t\t<section class=\"elementor-section elementor-top-section elementor-element elementor-element-58265d54 elementor-section-content-middle elementor-section-boxed elementor-section-height-default elementor-section-height-default\" data-id=\"58265d54\" data-element_type=\"section\" data-settings=\"{&quot;background_background&quot;:&quot;classic&quot;}\">\n\t\t\t\t\t\t<div class=\"elementor-container elementor-column-gap-no\">\n\t\t\t\t\t<div class=\"elementor-column elementor-col-100 elementor-top-column elementor-element elementor-element-52cc95d9\" data-id=\"52cc95d9\" data-element_type=\"column\">\n\t\t\t<div class=\"elementor-widget-wrap elementor-element-populated\">\n\t\t\t\t\t\t\t\t<div class=\"elementor-element elementor-element-5898ce9a elementor-widget elementor-widget-heading\" data-id=\"5898ce9a\" data-element_type=\"widget\" data-widget_type=\"heading.default\">\n\t\t\t\t<div class=\"elementor-widget-container\">\n\t\t\t<h3 class=\"elementor-heading-title elementor-size-default\">1. Tyre warming- scrubbing in procedure<\/h3>\t\t<\/div>\n\t\t\t\t<\/div>\n\t\t\t\t<section class=\"elementor-section elementor-inner-section elementor-element elementor-element-4c480ed4 elementor-section-boxed elementor-section-height-default elementor-section-height-default\" data-id=\"4c480ed4\" data-element_type=\"section\">\n\t\t\t\t\t\t<div class=\"elementor-container elementor-column-gap-default\">\n\t\t\t\t\t<div class=\"elementor-column elementor-col-50 elementor-inner-column elementor-element elementor-element-3fa58c4e\" data-id=\"3fa58c4e\" data-element_type=\"column\">\n\t\t\t<div class=\"elementor-widget-wrap elementor-element-populated\">\n\t\t\t\t\t\t\t\t<div class=\"elementor-element elementor-element-3e9a4c24 elementor-widget elementor-widget-text-editor\" data-id=\"3e9a4c24\" data-element_type=\"widget\" data-widget_type=\"text-editor.default\">\n\t\t\t\t<div class=\"elementor-widget-container\">\n\t\t\t\t\t\t\t<p>For most purposes, racing tyres will benefit from an appropriate 'Scrubbing in' procedure. This provides the best combination of performance and longevity under race conditions.\n\n\nThere are several difficulties that arise when using racing tyres if they are not scrubbed in prior to use. The most common is \"Cold Graining\", where the layer of the tread compound in contact with the track, fails in shear with the layer below. The result is a very visible low frequency, high amplitude rippling effect. This is more common with new tyres particularly when used in wet, damp or greasy conditions.\n\n\nAvon Tyres Motorsport recommends that a standard scrubbing in procedure be used whenever possible (conditions and regulations allowing). This consists of subjecting the tyres through one gentle heat cycle, gradually loading them up whilst avoiding drifting the car. This should take about three to four laps of a circuit where the lap time is in the region of 60 to 100 seconds. The last lap should only be about 80% race speed. If possible, scrub in at least one new set of tyres during free practice, and put these aside for the race. In this way you will know that they have been balanced correctly, and have no slow punctures etc. Getting this done early is important as the qualifying session may become wet or be red flagged, which could force the use of new tyres in a race. When regulations or circumstances do not allow the above procedure to be carried out, then the following should be borne in mind: -\nGraining of the loaded front tyre can be avoided if it is ensured that they are fully up to temperature before pushing hard.\nIt is relatively easy to generate temperature in the driving tyres as they are transmitting power most of the time.<\/p>\t\t\t\t\t\t<\/div>\n\t\t\t\t<\/div>\n\t\t\t\t\t<\/div>\n\t\t<\/div>\n\t\t\t\t<div class=\"elementor-column elementor-col-50 elementor-inner-column elementor-element elementor-element-5d5ebab1\" data-id=\"5d5ebab1\" data-element_type=\"column\">\n\t\t\t<div class=\"elementor-widget-wrap elementor-element-populated\">\n\t\t\t\t\t\t\t\t<div class=\"elementor-element elementor-element-25617e1c elementor-widget elementor-widget-text-editor\" data-id=\"25617e1c\" data-element_type=\"widget\" data-widget_type=\"text-editor.default\">\n\t\t\t\t<div class=\"elementor-widget-container\">\n\t\t\t\t\t\t\t<div>The front tyres, however, will need to be given more time and be loaded up progressively before they will be 'In' fully. It should be noted that it is the loading of tyres that introduces the significant heat, not sliding or wheelspinning.\nFor qualifying, the best results have been shown to have been achieved when the front and rear tyre temperatures are the same when measured at the base of the tread. If pushed too early, the rear will come in before the front causing understeer, and taken to the extreme, cold graining as detailed above.\nIt is quite possible to get the rear tyres to go off before the front tyres come in, which will lead to a car that is never balanced, making set-up and qualifying very difficult.\nThus to get the best from a set of scrubbed tyres, look after the rear tyres by not using full power out of corners, and instead work the front tyres progressively without inducing large amounts of understeer. When the fronts are fully up to temperature, go for a time (really hooked up lap). Push hard for 2 to 3 laps, and then back off the pace for a lap to allow the tyres to recover, and to get some clear track. Repeat this procedure for the best results.\n\nIt should be noted that there is always going to be a slight performance peak from new tyres, but it will only be possible to take advantage of this if the car is balanced on its tyres. A correctly scrubbed in set of tyres will always give more consistent performance over its lifetime than a set that has been used hard from new, even if it hasn't grained.<\/div><div>Cooper-Avon Tyres Limited strongly recommends to always properly scrub in all the new tires.<\/div>\t\t\t\t\t\t<\/div>\n\t\t\t\t<\/div>\n\t\t\t\t\t<\/div>\n\t\t<\/div>\n\t\t\t\t\t\t\t<\/div>\n\t\t<\/section>\n\t\t\t\t\t<\/div>\n\t\t<\/div>\n\t\t\t\t\t\t\t<\/div>\n\t\t<\/section>\n\t\t\t\t<section class=\"elementor-section elementor-top-section elementor-element elementor-element-ee7b097 elementor-section-content-middle elementor-section-boxed elementor-section-height-default elementor-section-height-default\" data-id=\"ee7b097\" data-element_type=\"section\" data-settings=\"{&quot;background_background&quot;:&quot;classic&quot;}\">\n\t\t\t\t\t\t<div class=\"elementor-container elementor-column-gap-no\">\n\t\t\t\t\t<div class=\"elementor-column elementor-col-100 elementor-top-column elementor-element elementor-element-749a45a\" data-id=\"749a45a\" data-element_type=\"column\">\n\t\t\t<div class=\"elementor-widget-wrap elementor-element-populated\">\n\t\t\t\t\t\t\t\t<div class=\"elementor-element elementor-element-8767ab3 elementor-widget elementor-widget-heading\" data-id=\"8767ab3\" data-element_type=\"widget\" data-widget_type=\"heading.default\">\n\t\t\t\t<div class=\"elementor-widget-container\">\n\t\t\t<h3 class=\"elementor-heading-title elementor-size-default\">2. Care and maintenance<\/h3>\t\t<\/div>\n\t\t\t\t<\/div>\n\t\t\t\t<section class=\"elementor-section elementor-inner-section elementor-element elementor-element-d083118 elementor-section-boxed elementor-section-height-default elementor-section-height-default\" data-id=\"d083118\" data-element_type=\"section\">\n\t\t\t\t\t\t<div class=\"elementor-container elementor-column-gap-default\">\n\t\t\t\t\t<div class=\"elementor-column elementor-col-50 elementor-inner-column elementor-element elementor-element-e66e71f\" data-id=\"e66e71f\" data-element_type=\"column\">\n\t\t\t<div class=\"elementor-widget-wrap elementor-element-populated\">\n\t\t\t\t\t\t\t\t<div class=\"elementor-element elementor-element-012a39e elementor-widget elementor-widget-text-editor\" data-id=\"012a39e\" data-element_type=\"widget\" data-widget_type=\"text-editor.default\">\n\t\t\t\t<div class=\"elementor-widget-container\">\n\t\t\t\t\t\t\t<div>Proper maintenance and storage of competition tires should not be considered insignificant.<\/div><div>\u00a0<\/div><div>When it comes to tire maintenance, it is important to remember: \u00a0<\/div><div><ul><li>ensure proper and constant wheel balancing, constantly check that the required tire pressure is maintained- it guarantees less and more even tire wear<\/li><li>harsh chemicals must not be used (for washing wheels, engines, etc.)<\/li><li>tires should be washed with clean lukewarm water, in extreme cases the use of the car shampoo is allowed<\/li><li>avoid any means of \"glossing\" the rubber<\/li><li>avoid all kinds of rubber softeners<\/li><\/ul><\/div>\t\t\t\t\t\t<\/div>\n\t\t\t\t<\/div>\n\t\t\t\t\t<\/div>\n\t\t<\/div>\n\t\t\t\t<div class=\"elementor-column elementor-col-50 elementor-inner-column elementor-element elementor-element-25bda0e\" data-id=\"25bda0e\" data-element_type=\"column\">\n\t\t\t<div class=\"elementor-widget-wrap elementor-element-populated\">\n\t\t\t\t\t\t\t\t<div class=\"elementor-element elementor-element-2772a64 elementor-widget elementor-widget-text-editor\" data-id=\"2772a64\" data-element_type=\"widget\" data-widget_type=\"text-editor.default\">\n\t\t\t\t<div class=\"elementor-widget-container\">\n\t\t\t\t\t\t\t<div>When storing tires, it is important to remember that: \u00a0 \u00a0 \u00a0\u00a0<br \/><ul><li>tires should be stored in a cool ( + 5 \u2026+10 C ), dry and dark room<\/li><li>tires should be wrapped in film (to prevent rubber from coming into contact with air)<\/li><li>avoid exposure of the tires to the sun as much as possible<\/li><li>tires should be stored clean and depressurised<\/li><li>tires must be stored flatways.<\/li><\/ul><\/div><div>The wiser people have noticed that when using a new tire, you always get better results, but the maximum effect is achieved when specific tires are perfectly compatible with Your car.<\/div>\t\t\t\t\t\t<\/div>\n\t\t\t\t<\/div>\n\t\t\t\t\t<\/div>\n\t\t<\/div>\n\t\t\t\t\t\t\t<\/div>\n\t\t<\/section>\n\t\t\t\t\t<\/div>\n\t\t<\/div>\n\t\t\t\t\t\t\t<\/div>\n\t\t<\/section>\n\t\t\t\t<section class=\"elementor-section elementor-top-section elementor-element elementor-element-0f4403b elementor-section-content-middle elementor-section-boxed elementor-section-height-default elementor-section-height-default\" data-id=\"0f4403b\" data-element_type=\"section\" data-settings=\"{&quot;background_background&quot;:&quot;classic&quot;}\">\n\t\t\t\t\t\t<div class=\"elementor-container elementor-column-gap-no\">\n\t\t\t\t\t<div class=\"elementor-column elementor-col-100 elementor-top-column elementor-element elementor-element-8caa974\" data-id=\"8caa974\" data-element_type=\"column\">\n\t\t\t<div class=\"elementor-widget-wrap elementor-element-populated\">\n\t\t\t\t\t\t\t\t<div class=\"elementor-element elementor-element-f077dd3 elementor-widget elementor-widget-heading\" data-id=\"f077dd3\" data-element_type=\"widget\" data-widget_type=\"heading.default\">\n\t\t\t\t<div class=\"elementor-widget-container\">\n\t\t\t<h3 class=\"elementor-heading-title elementor-size-default\">3. Tire fitting<\/h3>\t\t<\/div>\n\t\t\t\t<\/div>\n\t\t\t\t<section class=\"elementor-section elementor-inner-section elementor-element elementor-element-87366eb elementor-section-boxed elementor-section-height-default elementor-section-height-default\" data-id=\"87366eb\" data-element_type=\"section\" data-settings=\"{&quot;background_background&quot;:&quot;classic&quot;}\">\n\t\t\t\t\t\t<div class=\"elementor-container elementor-column-gap-default\">\n\t\t\t\t\t<div class=\"elementor-column elementor-col-50 elementor-inner-column elementor-element elementor-element-f737f71\" data-id=\"f737f71\" data-element_type=\"column\">\n\t\t\t<div class=\"elementor-widget-wrap elementor-element-populated\">\n\t\t\t\t\t\t\t\t<div class=\"elementor-element elementor-element-ce228bd elementor-widget elementor-widget-text-editor\" data-id=\"ce228bd\" data-element_type=\"widget\" data-widget_type=\"text-editor.default\">\n\t\t\t\t<div class=\"elementor-widget-container\">\n\t\t\t\t\t\t\t<p>(x-rehvil paiknev spetsifikatsiooni number)<\/p>\t\t\t\t\t\t<\/div>\n\t\t\t\t<\/div>\n\t\t\t\t<div class=\"elementor-element elementor-element-b2e25ac elementor-widget elementor-widget-image\" data-id=\"b2e25ac\" data-element_type=\"widget\" data-widget_type=\"image.default\">\n\t\t\t\t<div class=\"elementor-widget-container\">\n\t\t\t\t\t\t\t\t\t\t\t\t\t\t\t<img loading=\"lazy\" decoding=\"async\" width=\"346\" height=\"420\" src=\"https:\/\/topcontrol.ee\/wp-content\/uploads\/2021\/05\/directionoffit.jpg\" class=\"attachment-large size-large wp-image-187\" alt=\"\" srcset=\"https:\/\/topcontrol.ee\/wp-content\/uploads\/2021\/05\/directionoffit.jpg 346w, https:\/\/topcontrol.ee\/wp-content\/uploads\/2021\/05\/directionoffit-247x300.jpg 247w, https:\/\/topcontrol.ee\/wp-content\/uploads\/2021\/05\/directionoffit-10x12.jpg 10w\" sizes=\"auto, (max-width: 346px) 100vw, 346px\" \/>\t\t\t\t\t\t\t\t\t\t\t\t\t\t\t<\/div>\n\t\t\t\t<\/div>\n\t\t\t\t\t<\/div>\n\t\t<\/div>\n\t\t\t\t<div class=\"elementor-column elementor-col-50 elementor-inner-column elementor-element elementor-element-481eb5c\" data-id=\"481eb5c\" data-element_type=\"column\">\n\t\t\t<div class=\"elementor-widget-wrap\">\n\t\t\t\t\t\t\t\t\t<\/div>\n\t\t<\/div>\n\t\t\t\t\t\t\t<\/div>\n\t\t<\/section>\n\t\t\t\t\t<\/div>\n\t\t<\/div>\n\t\t\t\t\t\t\t<\/div>\n\t\t<\/section>\n\t\t\t\t<section class=\"elementor-section elementor-top-section elementor-element elementor-element-1359a38d elementor-section-content-middle elementor-section-boxed elementor-section-height-default elementor-section-height-default\" data-id=\"1359a38d\" data-element_type=\"section\" data-settings=\"{&quot;background_background&quot;:&quot;classic&quot;}\">\n\t\t\t\t\t\t<div class=\"elementor-container elementor-column-gap-no\">\n\t\t\t\t\t<div class=\"elementor-column elementor-col-100 elementor-top-column elementor-element elementor-element-17d08330\" data-id=\"17d08330\" data-element_type=\"column\">\n\t\t\t<div class=\"elementor-widget-wrap elementor-element-populated\">\n\t\t\t\t\t\t\t\t<div class=\"elementor-element elementor-element-1dc9d706 elementor-widget elementor-widget-heading\" data-id=\"1dc9d706\" data-element_type=\"widget\" data-widget_type=\"heading.default\">\n\t\t\t\t<div class=\"elementor-widget-container\">\n\t\t\t<h5 class=\"elementor-heading-title elementor-size-default\">CONTACT<\/h5>\t\t<\/div>\n\t\t\t\t<\/div>\n\t\t\t\t<div class=\"elementor-element elementor-element-7720ebfb elementor-widget elementor-widget-heading\" data-id=\"7720ebfb\" data-element_type=\"widget\" data-widget_type=\"heading.default\">\n\t\t\t\t<div class=\"elementor-widget-container\">\n\t\t\t<h4 class=\"elementor-heading-title elementor-size-default\">Feel free to contact us<\/h4>\t\t<\/div>\n\t\t\t\t<\/div>\n\t\t\t\t<div class=\"elementor-element elementor-element-40e6215 elementor-widget elementor-widget-heading\" data-id=\"40e6215\" data-element_type=\"widget\" data-widget_type=\"heading.default\">\n\t\t\t\t<div class=\"elementor-widget-container\">\n\t\t\t<h4 class=\"elementor-heading-title elementor-size-default\">info@topik.ee<\/h4>\t\t<\/div>\n\t\t\t\t<\/div>\n\t\t\t\t<div class=\"elementor-element elementor-element-2423e182 elementor-widget elementor-widget-heading\" data-id=\"2423e182\" data-element_type=\"widget\" data-widget_type=\"heading.default\">\n\t\t\t\t<div class=\"elementor-widget-container\">\n\t\t\t<h4 class=\"elementor-heading-title elementor-size-default\">TopControl O\u00dc\n<\/h4>\t\t<\/div>\n\t\t\t\t<\/div>\n\t\t\t\t<div class=\"elementor-element elementor-element-375bed8b elementor-widget elementor-widget-heading\" data-id=\"375bed8b\" data-element_type=\"widget\" data-widget_type=\"heading.default\">\n\t\t\t\t<div class=\"elementor-widget-container\">\n\t\t\t<h4 class=\"elementor-heading-title elementor-size-default\">Sipelga 2, Tabasalu <\/h4>\t\t<\/div>\n\t\t\t\t<\/div>\n\t\t\t\t\t<\/div>\n\t\t<\/div>\n\t\t\t\t\t\t\t<\/div>\n\t\t<\/section>\n\t\t\t\t\t\t\t<\/div>","protected":false},"excerpt":{"rendered":"<p>N\u00f5uanded Erinevad v\u00f5istlejad suudavad korralikust rehvist saadavat edu erinevalt kasutada. Rehvide kestvus ja \u00a0pidamine s\u00f5ltuvad peamiselt kahest asjast &#8211; sisses\u00f5idust ja s\u00e4ilitamisest\u00a0 1. Sisses\u00f5it Selleks, et \u00fchest rehvist k\u00e4tte saada maksimum, tuleks tema kasutamisel alustada sisses\u00f5itmise protseduurist. Rehvide korralik sisses\u00f5itmine tagab nende parima tulemuse ja kestvuse \u00a0v\u00f5istlustingimustes. J\u00e4rgnevalt on \u00e4ra toodud m\u00f5ned selgitused uute rehvide [&hellip;]<\/p>","protected":false},"author":1,"featured_media":0,"parent":0,"menu_order":0,"comment_status":"closed","ping_status":"closed","template":"elementor_header_footer","meta":{"footnotes":""},"class_list":["post-19","page","type-page","status-publish","hentry","entry"],"yoast_head":"<!-- This site is optimized with the Yoast SEO plugin v21.4 - https:\/\/yoast.com\/wordpress\/plugins\/seo\/ -->\n<title>N\u00f5uanded - TopControl<\/title>\n<meta name=\"robots\" content=\"index, follow, max-snippet:-1, max-image-preview:large, max-video-preview:-1\" \/>\n<link rel=\"canonical\" href=\"https:\/\/topcontrol.ee\/en\/nouanded\/\" \/>\n<meta property=\"og:locale\" content=\"en_US\" \/>\n<meta property=\"og:type\" content=\"article\" \/>\n<meta property=\"og:title\" content=\"N\u00f5uanded - TopControl\" \/>\n<meta property=\"og:description\" content=\"N\u00f5uanded Erinevad v\u00f5istlejad suudavad korralikust rehvist saadavat edu erinevalt kasutada. Rehvide kestvus ja \u00a0pidamine s\u00f5ltuvad peamiselt kahest asjast &#8211; sisses\u00f5idust ja s\u00e4ilitamisest\u00a0 1. Sisses\u00f5it Selleks, et \u00fchest rehvist k\u00e4tte saada maksimum, tuleks tema kasutamisel alustada sisses\u00f5itmise protseduurist. Rehvide korralik sisses\u00f5itmine tagab nende parima tulemuse ja kestvuse \u00a0v\u00f5istlustingimustes. J\u00e4rgnevalt on \u00e4ra toodud m\u00f5ned selgitused uute rehvide [&hellip;]\" \/>\n<meta property=\"og:url\" content=\"https:\/\/topcontrol.ee\/en\/nouanded\/\" \/>\n<meta property=\"og:site_name\" content=\"TopControl\" \/>\n<meta property=\"article:modified_time\" content=\"2021-06-16T19:29:03+00:00\" \/>\n<meta property=\"og:image\" content=\"https:\/\/topcontrol.ee\/wp-content\/uploads\/2021\/05\/directionoffit.jpg\" \/>\n<meta name=\"twitter:card\" content=\"summary_large_image\" \/>\n<meta name=\"twitter:label1\" content=\"Est. reading time\" \/>\n\t<meta name=\"twitter:data1\" content=\"2 minutes\" \/>\n<script type=\"application\/ld+json\" class=\"yoast-schema-graph\">{\"@context\":\"https:\/\/schema.org\",\"@graph\":[{\"@type\":\"WebPage\",\"@id\":\"https:\/\/topcontrol.ee\/nouanded\/\",\"url\":\"https:\/\/topcontrol.ee\/nouanded\/\",\"name\":\"N\u00f5uanded - TopControl\",\"isPartOf\":{\"@id\":\"https:\/\/topcontrol.ee\/#website\"},\"datePublished\":\"2021-05-15T11:26:29+00:00\",\"dateModified\":\"2021-06-16T19:29:03+00:00\",\"breadcrumb\":{\"@id\":\"https:\/\/topcontrol.ee\/nouanded\/#breadcrumb\"},\"inLanguage\":\"en-US\",\"potentialAction\":[{\"@type\":\"ReadAction\",\"target\":[\"https:\/\/topcontrol.ee\/nouanded\/\"]}]},{\"@type\":\"BreadcrumbList\",\"@id\":\"https:\/\/topcontrol.ee\/nouanded\/#breadcrumb\",\"itemListElement\":[{\"@type\":\"ListItem\",\"position\":1,\"name\":\"Home\",\"item\":\"https:\/\/topcontrol.ee\/\"},{\"@type\":\"ListItem\",\"position\":2,\"name\":\"N\u00f5uanded\"}]},{\"@type\":\"WebSite\",\"@id\":\"https:\/\/topcontrol.ee\/#website\",\"url\":\"https:\/\/topcontrol.ee\/\",\"name\":\"TopControl\",\"description\":\"Nova Motorsport ametlik edasim&uuml;&uuml;ja Eestis. Tuntud headuses Avon Motorsport rehvid erinevatesse oludesse.\",\"publisher\":{\"@id\":\"https:\/\/topcontrol.ee\/#organization\"},\"potentialAction\":[{\"@type\":\"SearchAction\",\"target\":{\"@type\":\"EntryPoint\",\"urlTemplate\":\"https:\/\/topcontrol.ee\/?s={search_term_string}\"},\"query-input\":\"required name=search_term_string\"}],\"inLanguage\":\"en-US\"},{\"@type\":\"Organization\",\"@id\":\"https:\/\/topcontrol.ee\/#organization\",\"name\":\"TopControl\",\"url\":\"https:\/\/topcontrol.ee\/\",\"logo\":{\"@type\":\"ImageObject\",\"inLanguage\":\"en-US\",\"@id\":\"https:\/\/topcontrol.ee\/#\/schema\/logo\/image\/\",\"url\":\"https:\/\/topcontrol.ee\/wp-content\/uploads\/2021\/05\/TC_LOGO_A1_w.png\",\"contentUrl\":\"https:\/\/topcontrol.ee\/wp-content\/uploads\/2021\/05\/TC_LOGO_A1_w.png\",\"width\":956,\"height\":176,\"caption\":\"TopControl\"},\"image\":{\"@id\":\"https:\/\/topcontrol.ee\/#\/schema\/logo\/image\/\"}}]}<\/script>\n<!-- \/ Yoast SEO plugin. -->","yoast_head_json":{"title":"N\u00f5uanded - TopControl","robots":{"index":"index","follow":"follow","max-snippet":"max-snippet:-1","max-image-preview":"max-image-preview:large","max-video-preview":"max-video-preview:-1"},"canonical":"https:\/\/topcontrol.ee\/en\/nouanded\/","og_locale":"en_US","og_type":"article","og_title":"N\u00f5uanded - TopControl","og_description":"N\u00f5uanded Erinevad v\u00f5istlejad suudavad korralikust rehvist saadavat edu erinevalt kasutada. Rehvide kestvus ja \u00a0pidamine s\u00f5ltuvad peamiselt kahest asjast &#8211; sisses\u00f5idust ja s\u00e4ilitamisest\u00a0 1. Sisses\u00f5it Selleks, et \u00fchest rehvist k\u00e4tte saada maksimum, tuleks tema kasutamisel alustada sisses\u00f5itmise protseduurist. Rehvide korralik sisses\u00f5itmine tagab nende parima tulemuse ja kestvuse \u00a0v\u00f5istlustingimustes. J\u00e4rgnevalt on \u00e4ra toodud m\u00f5ned selgitused uute rehvide [&hellip;]","og_url":"https:\/\/topcontrol.ee\/en\/nouanded\/","og_site_name":"TopControl","article_modified_time":"2021-06-16T19:29:03+00:00","og_image":[{"url":"https:\/\/topcontrol.ee\/wp-content\/uploads\/2021\/05\/directionoffit.jpg"}],"twitter_card":"summary_large_image","twitter_misc":{"Est. reading time":"2 minutes"},"schema":{"@context":"https:\/\/schema.org","@graph":[{"@type":"WebPage","@id":"https:\/\/topcontrol.ee\/nouanded\/","url":"https:\/\/topcontrol.ee\/nouanded\/","name":"N\u00f5uanded - TopControl","isPartOf":{"@id":"https:\/\/topcontrol.ee\/#website"},"datePublished":"2021-05-15T11:26:29+00:00","dateModified":"2021-06-16T19:29:03+00:00","breadcrumb":{"@id":"https:\/\/topcontrol.ee\/nouanded\/#breadcrumb"},"inLanguage":"en-US","potentialAction":[{"@type":"ReadAction","target":["https:\/\/topcontrol.ee\/nouanded\/"]}]},{"@type":"BreadcrumbList","@id":"https:\/\/topcontrol.ee\/nouanded\/#breadcrumb","itemListElement":[{"@type":"ListItem","position":1,"name":"Home","item":"https:\/\/topcontrol.ee\/"},{"@type":"ListItem","position":2,"name":"N\u00f5uanded"}]},{"@type":"WebSite","@id":"https:\/\/topcontrol.ee\/#website","url":"https:\/\/topcontrol.ee\/","name":"TopControl","description":"Nova Motorsport ametlik edasim&uuml;&uuml;ja Eestis. Tuntud headuses Avon Motorsport rehvid erinevatesse oludesse.","publisher":{"@id":"https:\/\/topcontrol.ee\/#organization"},"potentialAction":[{"@type":"SearchAction","target":{"@type":"EntryPoint","urlTemplate":"https:\/\/topcontrol.ee\/?s={search_term_string}"},"query-input":"required name=search_term_string"}],"inLanguage":"en-US"},{"@type":"Organization","@id":"https:\/\/topcontrol.ee\/#organization","name":"TopControl","url":"https:\/\/topcontrol.ee\/","logo":{"@type":"ImageObject","inLanguage":"en-US","@id":"https:\/\/topcontrol.ee\/#\/schema\/logo\/image\/","url":"https:\/\/topcontrol.ee\/wp-content\/uploads\/2021\/05\/TC_LOGO_A1_w.png","contentUrl":"https:\/\/topcontrol.ee\/wp-content\/uploads\/2021\/05\/TC_LOGO_A1_w.png","width":956,"height":176,"caption":"TopControl"},"image":{"@id":"https:\/\/topcontrol.ee\/#\/schema\/logo\/image\/"}}]}},"_links":{"self":[{"href":"https:\/\/topcontrol.ee\/en\/wp-json\/wp\/v2\/pages\/19","targetHints":{"allow":["GET"]}}],"collection":[{"href":"https:\/\/topcontrol.ee\/en\/wp-json\/wp\/v2\/pages"}],"about":[{"href":"https:\/\/topcontrol.ee\/en\/wp-json\/wp\/v2\/types\/page"}],"author":[{"embeddable":true,"href":"https:\/\/topcontrol.ee\/en\/wp-json\/wp\/v2\/users\/1"}],"replies":[{"embeddable":true,"href":"https:\/\/topcontrol.ee\/en\/wp-json\/wp\/v2\/comments?post=19"}],"version-history":[{"count":73,"href":"https:\/\/topcontrol.ee\/en\/wp-json\/wp\/v2\/pages\/19\/revisions"}],"predecessor-version":[{"id":518,"href":"https:\/\/topcontrol.ee\/en\/wp-json\/wp\/v2\/pages\/19\/revisions\/518"}],"wp:attachment":[{"href":"https:\/\/topcontrol.ee\/en\/wp-json\/wp\/v2\/media?parent=19"}],"curies":[{"name":"wp","href":"https:\/\/api.w.org\/{rel}","templated":true}]}}