{"id":17,"date":"2021-05-15T11:26:17","date_gmt":"2021-05-15T11:26:17","guid":{"rendered":"https:\/\/topcontrol.ee\/?page_id=17"},"modified":"2026-03-12T21:54:23","modified_gmt":"2026-03-12T21:54:23","slug":"kontaktid","status":"publish","type":"page","link":"https:\/\/topcontrol.ee\/en\/kontaktid\/","title":{"rendered":"Contacts"},"content":{"rendered":"<div data-elementor-type=\"wp-page\" data-elementor-id=\"17\" class=\"elementor elementor-17\">\n\t\t\t\t\t\t\t\t\t<section class=\"elementor-section elementor-top-section elementor-element elementor-element-1c9b263c elementor-section-full_width elementor-section-height-default elementor-section-height-default\" data-id=\"1c9b263c\" data-element_type=\"section\" data-settings=\"{&quot;background_background&quot;:&quot;classic&quot;}\">\n\t\t\t\t\t\t<div class=\"elementor-container elementor-column-gap-no\">\n\t\t\t\t\t<div class=\"elementor-column elementor-col-100 elementor-top-column elementor-element elementor-element-29cba877\" data-id=\"29cba877\" data-element_type=\"column\">\n\t\t\t<div class=\"elementor-widget-wrap elementor-element-populated\">\n\t\t\t\t\t\t\t\t<div class=\"elementor-element elementor-element-8bf5468 elementor-widget elementor-widget-google_maps\" data-id=\"8bf5468\" data-element_type=\"widget\" data-widget_type=\"google_maps.default\">\n\t\t\t\t<div class=\"elementor-widget-container\">\n\t\t\t\t\t<div class=\"elementor-custom-embed\">\n\t\t\t<iframe loading=\"lazy\"\n\t\t\t\t\tsrc=\"https:\/\/maps.google.com\/maps?q=M%C3%A4ealuse%2010c&#038;t=m&#038;z=15&#038;output=embed&#038;iwloc=near\"\n\t\t\t\t\ttitle=\"M\u00e4ealuse 10c\"\n\t\t\t\t\taria-label=\"M\u00e4ealuse 10c\"\n\t\t\t><\/iframe>\n\t\t<\/div>\n\t\t\t\t<\/div>\n\t\t\t\t<\/div>\n\t\t\t\t\t<\/div>\n\t\t<\/div>\n\t\t\t\t\t\t\t<\/div>\n\t\t<\/section>\n\t\t\t\t<section class=\"elementor-section elementor-top-section elementor-element elementor-element-ff0efe2 elementor-section-boxed elementor-section-height-default elementor-section-height-default\" data-id=\"ff0efe2\" data-element_type=\"section\">\n\t\t\t\t\t\t<div class=\"elementor-container elementor-column-gap-default\">\n\t\t\t\t\t<div class=\"elementor-column elementor-col-100 elementor-top-column elementor-element elementor-element-fbc174f\" data-id=\"fbc174f\" data-element_type=\"column\">\n\t\t\t<div class=\"elementor-widget-wrap elementor-element-populated\">\n\t\t\t\t\t\t\t\t<div class=\"elementor-element elementor-element-50b94f2 elementor-widget elementor-widget-text-editor\" data-id=\"50b94f2\" data-element_type=\"widget\" data-widget_type=\"text-editor.default\">\n\t\t\t\t<div class=\"elementor-widget-container\">\n\t\t\t\t\t\t\t<p style=\"text-align: center;\">Our storage is located at M\u00e4ealuse 10c, Tallinn, Estonia<\/p>\t\t\t\t\t\t<\/div>\n\t\t\t\t<\/div>\n\t\t\t\t\t<\/div>\n\t\t<\/div>\n\t\t\t\t\t\t\t<\/div>\n\t\t<\/section>\n\t\t\t\t<section class=\"elementor-section elementor-top-section elementor-element elementor-element-1f4ff1df elementor-section-full_width elementor-section-height-default elementor-section-height-default\" data-id=\"1f4ff1df\" data-element_type=\"section\" data-settings=\"{&quot;background_background&quot;:&quot;classic&quot;}\">\n\t\t\t\t\t\t<div class=\"elementor-container elementor-column-gap-no\">\n\t\t\t\t\t<div class=\"elementor-column elementor-col-100 elementor-top-column elementor-element elementor-element-256a8ff\" data-id=\"256a8ff\" data-element_type=\"column\">\n\t\t\t<div class=\"elementor-widget-wrap elementor-element-populated\">\n\t\t\t\t\t\t\t\t<section class=\"elementor-section elementor-inner-section elementor-element elementor-element-10ad2f38 elementor-section-content-middle elementor-section-boxed elementor-section-height-default elementor-section-height-default\" data-id=\"10ad2f38\" data-element_type=\"section\">\n\t\t\t\t\t\t<div class=\"elementor-container elementor-column-gap-no\">\n\t\t\t\t\t<div class=\"elementor-column elementor-col-100 elementor-inner-column elementor-element elementor-element-6e0f6149\" data-id=\"6e0f6149\" data-element_type=\"column\">\n\t\t\t<div class=\"elementor-widget-wrap elementor-element-populated\">\n\t\t\t\t\t\t\t\t<div class=\"elementor-element elementor-element-af6ee72 elementor-invisible elementor-widget elementor-widget-image\" data-id=\"af6ee72\" data-element_type=\"widget\" data-settings=\"{&quot;_animation&quot;:&quot;fadeIn&quot;}\" data-widget_type=\"image.default\">\n\t\t\t\t<div class=\"elementor-widget-container\">\n\t\t\t\t\t\t\t\t\t\t\t\t\t\t\t<img loading=\"lazy\" decoding=\"async\" width=\"956\" height=\"176\" src=\"https:\/\/topcontrol.ee\/wp-content\/uploads\/2021\/05\/TC_LOGO_A1_w.png\" class=\"attachment-large size-large wp-image-15\" alt=\"\" srcset=\"https:\/\/topcontrol.ee\/wp-content\/uploads\/2021\/05\/TC_LOGO_A1_w.png 956w, https:\/\/topcontrol.ee\/wp-content\/uploads\/2021\/05\/TC_LOGO_A1_w-300x55.png 300w, https:\/\/topcontrol.ee\/wp-content\/uploads\/2021\/05\/TC_LOGO_A1_w-768x141.png 768w\" sizes=\"auto, (max-width: 956px) 100vw, 956px\" \/>\t\t\t\t\t\t\t\t\t\t\t\t\t\t\t<\/div>\n\t\t\t\t<\/div>\n\t\t\t\t<div class=\"elementor-element elementor-element-45bf5943 elementor-invisible elementor-widget elementor-widget-text-editor\" data-id=\"45bf5943\" data-element_type=\"widget\" data-settings=\"{&quot;_animation&quot;:&quot;fadeIn&quot;}\" data-widget_type=\"text-editor.default\">\n\t\t\t\t<div class=\"elementor-widget-container\">\n\t\t\t\t\t\t\t<p>TopControl O\u00dc\u00a0<br \/>Sipelga 2\u00a0<br \/>Tabasalu, Estonia<\/p>\t\t\t\t\t\t<\/div>\n\t\t\t\t<\/div>\n\t\t\t\t\t<\/div>\n\t\t<\/div>\n\t\t\t\t\t\t\t<\/div>\n\t\t<\/section>\n\t\t\t\t\t<\/div>\n\t\t<\/div>\n\t\t\t\t\t\t\t<\/div>\n\t\t<\/section>\n\t\t\t\t<section class=\"elementor-section elementor-top-section elementor-element elementor-element-7bec63cd elementor-section-boxed elementor-section-height-default elementor-section-height-default elementor-invisible\" data-id=\"7bec63cd\" data-element_type=\"section\" data-settings=\"{&quot;background_background&quot;:&quot;classic&quot;,&quot;animation&quot;:&quot;fadeInUp&quot;,&quot;animation_delay&quot;:200}\">\n\t\t\t\t\t\t<div class=\"elementor-container elementor-column-gap-no\">\n\t\t\t\t\t<div class=\"elementor-column elementor-col-100 elementor-top-column elementor-element elementor-element-51221f7b\" data-id=\"51221f7b\" data-element_type=\"column\">\n\t\t\t<div class=\"elementor-widget-wrap elementor-element-populated\">\n\t\t\t\t\t\t\t\t<div class=\"elementor-element elementor-element-1d375499 elementor-position-top elementor-widget elementor-widget-image-box\" data-id=\"1d375499\" data-element_type=\"widget\" data-settings=\"{&quot;_animation&quot;:&quot;none&quot;}\" data-widget_type=\"image-box.default\">\n\t\t\t\t<div class=\"elementor-widget-container\">\n\t\t\t<div class=\"elementor-image-box-wrapper\"><figure class=\"elementor-image-box-img\"><img loading=\"lazy\" decoding=\"async\" width=\"150\" height=\"150\" src=\"https:\/\/topcontrol.ee\/wp-content\/uploads\/2021\/08\/Tanel-Kutsar2-150x150.png\" class=\"attachment-thumbnail size-thumbnail wp-image-706\" alt=\"\" srcset=\"https:\/\/topcontrol.ee\/wp-content\/uploads\/2021\/08\/Tanel-Kutsar2-150x150.png 150w, https:\/\/topcontrol.ee\/wp-content\/uploads\/2021\/08\/Tanel-Kutsar2-300x300.png 300w, https:\/\/topcontrol.ee\/wp-content\/uploads\/2021\/08\/Tanel-Kutsar2-1024x1024.png 1024w, https:\/\/topcontrol.ee\/wp-content\/uploads\/2021\/08\/Tanel-Kutsar2-768x768.png 768w, https:\/\/topcontrol.ee\/wp-content\/uploads\/2021\/08\/Tanel-Kutsar2-1536x1536.png 1536w, https:\/\/topcontrol.ee\/wp-content\/uploads\/2021\/08\/Tanel-Kutsar2-2048x2048.png 2048w, https:\/\/topcontrol.ee\/wp-content\/uploads\/2021\/08\/Tanel-Kutsar2-12x12.png 12w\" sizes=\"auto, (max-width: 150px) 100vw, 150px\" \/><\/figure><div class=\"elementor-image-box-content\"><h3 class=\"elementor-image-box-title\">Tanel Kutsar<\/h3><\/div><\/div>\t\t<\/div>\n\t\t\t\t<\/div>\n\t\t\t\t<div class=\"elementor-element elementor-element-965ceb9 elementor-widget elementor-widget-text-editor\" data-id=\"965ceb9\" data-element_type=\"widget\" data-widget_type=\"text-editor.default\">\n\t\t\t\t<div class=\"elementor-widget-container\">\n\t\t\t\t\t\t\t<div style=\"text-align: center;\">CEO<\/div>\t\t\t\t\t\t<\/div>\n\t\t\t\t<\/div>\n\t\t\t\t<div class=\"elementor-element elementor-element-27d2fc3d elementor-widget-divider--view-line elementor-widget elementor-widget-divider\" data-id=\"27d2fc3d\" data-element_type=\"widget\" data-widget_type=\"divider.default\">\n\t\t\t\t<div class=\"elementor-widget-container\">\n\t\t\t\t\t<div class=\"elementor-divider\">\n\t\t\t<span class=\"elementor-divider-separator\">\n\t\t\t\t\t\t<\/span>\n\t\t<\/div>\n\t\t\t\t<\/div>\n\t\t\t\t<\/div>\n\t\t\t\t<div class=\"elementor-element elementor-element-3c34d5f elementor-widget elementor-widget-text-editor\" data-id=\"3c34d5f\" data-element_type=\"widget\" data-widget_type=\"text-editor.default\">\n\t\t\t\t<div class=\"elementor-widget-container\">\n\t\t\t\t\t\t\t<div style=\"text-align: center;\">+372 56246001<\/div>\n<div style=\"text-align: center;\"><p>info@avonmotorsport.ee<\/p>\n<\/div>\t\t\t\t\t\t<\/div>\n\t\t\t\t<\/div>\n\t\t\t\t\t<\/div>\n\t\t<\/div>\n\t\t\t\t\t\t\t<\/div>\n\t\t<\/section>\n\t\t\t\t\t\t\t<\/div>","protected":false},"excerpt":{"rendered":"<p>Meie ladu asub aadressil M\u00e4ealuse 10c &#8211; Akuplussiga \u00fche katuse all TopControl O\u00dc\u00a0Sipelga 2\u00a0Tabasalu, Eesti Tanel Kutsar Tegevjuht +372 56246001 info@avonmotorsport.ee<\/p>","protected":false},"author":1,"featured_media":0,"parent":0,"menu_order":0,"comment_status":"closed","ping_status":"closed","template":"elementor_header_footer","meta":{"footnotes":""},"class_list":["post-17","page","type-page","status-publish","hentry","entry"],"yoast_head":"<!-- This site is optimized with the Yoast SEO plugin v21.4 - https:\/\/yoast.com\/wordpress\/plugins\/seo\/ -->\n<title>Kontaktid - TopControl<\/title>\n<meta name=\"robots\" content=\"index, follow, max-snippet:-1, max-image-preview:large, max-video-preview:-1\" \/>\n<link rel=\"canonical\" href=\"https:\/\/topcontrol.ee\/en\/kontaktid\/\" \/>\n<meta property=\"og:locale\" content=\"en_US\" \/>\n<meta property=\"og:type\" content=\"article\" \/>\n<meta property=\"og:title\" content=\"Kontaktid - TopControl\" \/>\n<meta property=\"og:description\" content=\"Meie ladu asub aadressil M\u00e4ealuse 10c &#8211; Akuplussiga \u00fche katuse all TopControl O\u00dc\u00a0Sipelga 2\u00a0Tabasalu, Eesti Tanel Kutsar Tegevjuht +372 56246001 info@avonmotorsport.ee\" \/>\n<meta property=\"og:url\" content=\"https:\/\/topcontrol.ee\/en\/kontaktid\/\" \/>\n<meta property=\"og:site_name\" content=\"TopControl\" \/>\n<meta property=\"article:modified_time\" content=\"2026-03-12T21:54:23+00:00\" \/>\n<meta property=\"og:image\" content=\"https:\/\/topcontrol.ee\/wp-content\/uploads\/2021\/05\/TC_LOGO_A1_w.png\" \/>\n<meta name=\"twitter:card\" content=\"summary_large_image\" \/>\n<meta name=\"twitter:label1\" content=\"Est. reading time\" \/>\n\t<meta name=\"twitter:data1\" content=\"1 minute\" \/>\n<script type=\"application\/ld+json\" class=\"yoast-schema-graph\">{\"@context\":\"https:\/\/schema.org\",\"@graph\":[{\"@type\":\"WebPage\",\"@id\":\"https:\/\/topcontrol.ee\/kontaktid\/\",\"url\":\"https:\/\/topcontrol.ee\/kontaktid\/\",\"name\":\"Kontaktid - TopControl\",\"isPartOf\":{\"@id\":\"https:\/\/topcontrol.ee\/#website\"},\"datePublished\":\"2021-05-15T11:26:17+00:00\",\"dateModified\":\"2026-03-12T21:54:23+00:00\",\"breadcrumb\":{\"@id\":\"https:\/\/topcontrol.ee\/kontaktid\/#breadcrumb\"},\"inLanguage\":\"en-US\",\"potentialAction\":[{\"@type\":\"ReadAction\",\"target\":[\"https:\/\/topcontrol.ee\/kontaktid\/\"]}]},{\"@type\":\"BreadcrumbList\",\"@id\":\"https:\/\/topcontrol.ee\/kontaktid\/#breadcrumb\",\"itemListElement\":[{\"@type\":\"ListItem\",\"position\":1,\"name\":\"Home\",\"item\":\"https:\/\/topcontrol.ee\/\"},{\"@type\":\"ListItem\",\"position\":2,\"name\":\"Kontaktid\"}]},{\"@type\":\"WebSite\",\"@id\":\"https:\/\/topcontrol.ee\/#website\",\"url\":\"https:\/\/topcontrol.ee\/\",\"name\":\"TopControl\",\"description\":\"Nova Motorsport ametlik edasim&uuml;&uuml;ja Eestis. Tuntud headuses Avon Motorsport rehvid erinevatesse oludesse.\",\"publisher\":{\"@id\":\"https:\/\/topcontrol.ee\/#organization\"},\"potentialAction\":[{\"@type\":\"SearchAction\",\"target\":{\"@type\":\"EntryPoint\",\"urlTemplate\":\"https:\/\/topcontrol.ee\/?s={search_term_string}\"},\"query-input\":\"required name=search_term_string\"}],\"inLanguage\":\"en-US\"},{\"@type\":\"Organization\",\"@id\":\"https:\/\/topcontrol.ee\/#organization\",\"name\":\"TopControl\",\"url\":\"https:\/\/topcontrol.ee\/\",\"logo\":{\"@type\":\"ImageObject\",\"inLanguage\":\"en-US\",\"@id\":\"https:\/\/topcontrol.ee\/#\/schema\/logo\/image\/\",\"url\":\"https:\/\/topcontrol.ee\/wp-content\/uploads\/2021\/05\/TC_LOGO_A1_w.png\",\"contentUrl\":\"https:\/\/topcontrol.ee\/wp-content\/uploads\/2021\/05\/TC_LOGO_A1_w.png\",\"width\":956,\"height\":176,\"caption\":\"TopControl\"},\"image\":{\"@id\":\"https:\/\/topcontrol.ee\/#\/schema\/logo\/image\/\"}}]}<\/script>\n<!-- \/ Yoast SEO plugin. -->","yoast_head_json":{"title":"Kontaktid - TopControl","robots":{"index":"index","follow":"follow","max-snippet":"max-snippet:-1","max-image-preview":"max-image-preview:large","max-video-preview":"max-video-preview:-1"},"canonical":"https:\/\/topcontrol.ee\/en\/kontaktid\/","og_locale":"en_US","og_type":"article","og_title":"Kontaktid - TopControl","og_description":"Meie ladu asub aadressil M\u00e4ealuse 10c &#8211; Akuplussiga \u00fche katuse all TopControl O\u00dc\u00a0Sipelga 2\u00a0Tabasalu, Eesti Tanel Kutsar Tegevjuht +372 56246001 info@avonmotorsport.ee","og_url":"https:\/\/topcontrol.ee\/en\/kontaktid\/","og_site_name":"TopControl","article_modified_time":"2026-03-12T21:54:23+00:00","og_image":[{"url":"https:\/\/topcontrol.ee\/wp-content\/uploads\/2021\/05\/TC_LOGO_A1_w.png"}],"twitter_card":"summary_large_image","twitter_misc":{"Est. reading time":"1 minute"},"schema":{"@context":"https:\/\/schema.org","@graph":[{"@type":"WebPage","@id":"https:\/\/topcontrol.ee\/kontaktid\/","url":"https:\/\/topcontrol.ee\/kontaktid\/","name":"Kontaktid - TopControl","isPartOf":{"@id":"https:\/\/topcontrol.ee\/#website"},"datePublished":"2021-05-15T11:26:17+00:00","dateModified":"2026-03-12T21:54:23+00:00","breadcrumb":{"@id":"https:\/\/topcontrol.ee\/kontaktid\/#breadcrumb"},"inLanguage":"en-US","potentialAction":[{"@type":"ReadAction","target":["https:\/\/topcontrol.ee\/kontaktid\/"]}]},{"@type":"BreadcrumbList","@id":"https:\/\/topcontrol.ee\/kontaktid\/#breadcrumb","itemListElement":[{"@type":"ListItem","position":1,"name":"Home","item":"https:\/\/topcontrol.ee\/"},{"@type":"ListItem","position":2,"name":"Kontaktid"}]},{"@type":"WebSite","@id":"https:\/\/topcontrol.ee\/#website","url":"https:\/\/topcontrol.ee\/","name":"TopControl","description":"Nova Motorsport ametlik edasim&uuml;&uuml;ja Eestis. Tuntud headuses Avon Motorsport rehvid erinevatesse oludesse.","publisher":{"@id":"https:\/\/topcontrol.ee\/#organization"},"potentialAction":[{"@type":"SearchAction","target":{"@type":"EntryPoint","urlTemplate":"https:\/\/topcontrol.ee\/?s={search_term_string}"},"query-input":"required name=search_term_string"}],"inLanguage":"en-US"},{"@type":"Organization","@id":"https:\/\/topcontrol.ee\/#organization","name":"TopControl","url":"https:\/\/topcontrol.ee\/","logo":{"@type":"ImageObject","inLanguage":"en-US","@id":"https:\/\/topcontrol.ee\/#\/schema\/logo\/image\/","url":"https:\/\/topcontrol.ee\/wp-content\/uploads\/2021\/05\/TC_LOGO_A1_w.png","contentUrl":"https:\/\/topcontrol.ee\/wp-content\/uploads\/2021\/05\/TC_LOGO_A1_w.png","width":956,"height":176,"caption":"TopControl"},"image":{"@id":"https:\/\/topcontrol.ee\/#\/schema\/logo\/image\/"}}]}},"_links":{"self":[{"href":"https:\/\/topcontrol.ee\/en\/wp-json\/wp\/v2\/pages\/17","targetHints":{"allow":["GET"]}}],"collection":[{"href":"https:\/\/topcontrol.ee\/en\/wp-json\/wp\/v2\/pages"}],"about":[{"href":"https:\/\/topcontrol.ee\/en\/wp-json\/wp\/v2\/types\/page"}],"author":[{"embeddable":true,"href":"https:\/\/topcontrol.ee\/en\/wp-json\/wp\/v2\/users\/1"}],"replies":[{"embeddable":true,"href":"https:\/\/topcontrol.ee\/en\/wp-json\/wp\/v2\/comments?post=17"}],"version-history":[{"count":92,"href":"https:\/\/topcontrol.ee\/en\/wp-json\/wp\/v2\/pages\/17\/revisions"}],"predecessor-version":[{"id":1164,"href":"https:\/\/topcontrol.ee\/en\/wp-json\/wp\/v2\/pages\/17\/revisions\/1164"}],"wp:attachment":[{"href":"https:\/\/topcontrol.ee\/en\/wp-json\/wp\/v2\/media?parent=17"}],"curies":[{"name":"wp","href":"https:\/\/api.w.org\/{rel}","templated":true}]}}